{"id":94321,"date":"2021-05-13T08:26:47","date_gmt":"2021-05-13T06:26:47","guid":{"rendered":"https:\/\/undsgn.com\/uncode\/?page_id=94321"},"modified":"2024-05-24T17:35:00","modified_gmt":"2024-05-24T15:35:00","slug":"creative-digital-agency","status":"publish","type":"page","link":"https:\/\/aed-hk.com\/","title":{"rendered":"Creative Digital Agency"},"content":{"rendered":"<div class=\"wpb-content-wrapper\"><p>[vc_row row_height_percent=&#8220;100&#8243; override_padding=&#8220;yes&#8220; h_padding=&#8220;3&#8243; top_padding=&#8220;5&#8243; bottom_padding=&#8220;5&#8243; back_color=&#8220;color-nhtu&#8220; back_image=&#8220;103469&#8243; overlay_alpha=&#8220;76&#8243; gutter_size=&#8220;3&#8243; column_width_percent=&#8220;100&#8243; shift_y=&#8220;0&#8243; z_index=&#8220;0&#8243; enable_bottom_divider=&#8220;default&#8220; bottom_divider=&#8220;gradient&#8220; shape_bottom_h_use_pixel=&#8220;true&#8220; shape_bottom_height_percent=&#8220;100&#8243; shape_bottom_color=&#8220;color-nhtu&#8220; shape_bottom_opacity=&#8220;100&#8243; shape_bottom_index=&#8220;0&#8243; uncode_shortcode_id=&#8220;116265&#8243; back_color_type=&#8220;uncode-palette&#8220; shape_bottom_color_type=&#8220;uncode-palette&#8220; front_end_with_slider=&#8220;true&#8220;][vc_column column_width_percent=&#8220;100&#8243; position_vertical=&#8220;middle&#8220; align_horizontal=&#8220;align_center&#8220; gutter_size=&#8220;2&#8243; style=&#8220;dark&#8220; overlay_alpha=&#8220;50&#8243; shift_x=&#8220;0&#8243; shift_y=&#8220;0&#8243; shift_y_down=&#8220;0&#8243; z_index=&#8220;0&#8243; medium_width=&#8220;0&#8243; mobile_width=&#8220;0&#8243; css_animation=&#8220;bottom-t-top&#8220; width=&#8220;1\/1&#8243; uncode_shortcode_id=&#8220;150402&#8243;][uncode_slider slider_interval=&#8220;10000&#8243; slider_navspeed=&#8220;400&#8243; slider_loop=&#8220;yes&#8220;][vc_row_inner limit_content=&#8220;yes&#8220; front_end_with_slider=&#8220;true&#8220;][vc_column_inner column_width_percent=&#8220;100&#8243; align_horizontal=&#8220;align_center&#8220; gutter_size=&#8220;3&#8243; overlay_alpha=&#8220;50&#8243; shift_x=&#8220;0&#8243; shift_y=&#8220;0&#8243; shift_y_down=&#8220;0&#8243; z_index=&#8220;0&#8243; medium_width=&#8220;0&#8243; mobile_width=&#8220;0&#8243; width=&#8220;1\/1&#8243; uncode_shortcode_id=&#8220;110920&#8243;][vc_single_image media=&#8220;103222&#8243; media_width_percent=&#8220;59&#8243; alignment=&#8220;center&#8220; uncode_shortcode_id=&#8220;801083&#8243;][vc_custom_heading text_color=&#8220;color-xsdn&#8220; heading_semantic=&#8220;h1&#8243; text_size=&#8220;h1&#8243; text_weight=&#8220;500&#8243; css_animation=&#8220;top-t-bottom&#8220; animation_speed=&#8220;100&#8243; title=&#8220;&#8220; uncode_shortcode_id=&#8220;135163&#8243; text_color_type=&#8220;uncode-palette&#8220;]Asien-Exporte &#8211; <span class=\"split-word uncode-rotating-span uncode-rotating-text-start\" data-text=\"EINFACH|RISIKOLOS|KOMPETENT\" data-fx=\"zoom\" data-wait=\"1500\">&nbsp;<\/span><span class=\"split-word word1\"><span class=\"split-word-flow\"><span class=\"split-word-inner\"><span class=\"split-char char92\">K<\/span><span class=\"split-char char93\">O<\/span><span class=\"split-char char94\">M<\/span><span class=\"split-char char95\">P<\/span><span class=\"split-char char96\">E<\/span><span class=\"split-char char97\">T<\/span><span class=\"split-char char98\">E<\/span><span class=\"split-char char99\">N<\/span><span class=\"split-char char100\">T<\/span><\/span><\/span><\/span><span class=\"split-word uncode-rotating-span uncode-rotating-text-end\">&nbsp;<\/span>[\/vc_custom_heading][vc_custom_heading text_color=&#8220;color-xsdn&#8220; text_size=&#8220;h3&#8243; text_weight=&#8220;400&#8243; css_animation=&#8220;zoom-in&#8220; animation_speed=&#8220;1000&#8243; animation_delay=&#8220;100&#8243; title=&#8220;&#8220; uncode_shortcode_id=&#8220;188492&#8243; text_color_type=&#8220;uncode-palette&#8220;]Wir beraten Sie gern![\/vc_custom_heading][vc_empty_space][vc_button button_color=&#8220;color-xsdn&#8220; size=&#8220;btn-xl&#8220; radius=&#8220;btn-circle&#8220; hover_fx=&#8220;outlined&#8220; outline=&#8220;yes&#8220; custom_typo=&#8220;yes&#8220; font_family=&#8220;font-555555&#8243; font_weight=&#8220;500&#8243; border_width=&#8220;0&#8243; css_animation=&#8220;bottom-t-top&#8220; animation_speed=&#8220;1000&#8243; link=&#8220;target:_blank&#8220; uncode_shortcode_id=&#8220;255801&#8243; button_color_type=&#8220;uncode-palette&#8220;]Kontakt[\/vc_button][\/vc_column_inner][\/vc_row_inner][vc_row_inner limit_content=&#8220;yes&#8220; front_end_with_slider=&#8220;true&#8220;][vc_column_inner column_width_percent=&#8220;100&#8243; align_horizontal=&#8220;align_center&#8220; gutter_size=&#8220;3&#8243; overlay_alpha=&#8220;50&#8243; shift_x=&#8220;0&#8243; shift_y=&#8220;0&#8243; shift_y_down=&#8220;0&#8243; z_index=&#8220;0&#8243; medium_width=&#8220;0&#8243; mobile_width=&#8220;0&#8243; width=&#8220;1\/1&#8243; uncode_shortcode_id=&#8220;558519&#8243;][vc_single_image media=&#8220;103357&#8243; media_width_percent=&#8220;59&#8243; alignment=&#8220;center&#8220; uncode_shortcode_id=&#8220;164501&#8243;][vc_custom_heading text_color=&#8220;color-xsdn&#8220; heading_semantic=&#8220;h1&#8243; text_size=&#8220;h1&#8243; text_weight=&#8220;500&#8243; css_animation=&#8220;top-t-bottom&#8220; animation_speed=&#8220;100&#8243; title=&#8220;&#8220; uncode_shortcode_id=&#8220;131129&#8243; text_color_type=&#8220;uncode-palette&#8220;]Alles aus einer Hand<\/p>\n<p>\u00b7 PRODUKTRECHERCHE<\/p>\n<p>\u00b7 LOGISTIK<\/p>\n<p>\u00b7 FINANZIERUNG[\/vc_custom_heading][vc_custom_heading text_color=&#8220;color-xsdn&#8220; text_size=&#8220;h3&#8243; text_weight=&#8220;400&#8243; css_animation=&#8220;zoom-in&#8220; animation_speed=&#8220;1000&#8243; animation_delay=&#8220;100&#8243; title=&#8220;&#8220; uncode_shortcode_id=&#8220;188492&#8243; text_color_type=&#8220;uncode-palette&#8220;]Wir beraten Sie gern![\/vc_custom_heading][vc_empty_space][vc_button button_color=&#8220;color-xsdn&#8220; size=&#8220;btn-xl&#8220; radius=&#8220;btn-circle&#8220; hover_fx=&#8220;outlined&#8220; outline=&#8220;yes&#8220; custom_typo=&#8220;yes&#8220; font_family=&#8220;font-555555&#8243; font_weight=&#8220;500&#8243; border_width=&#8220;0&#8243; css_animation=&#8220;bottom-t-top&#8220; animation_speed=&#8220;1000&#8243; link=&#8220;target:_blank&#8220; uncode_shortcode_id=&#8220;255801&#8243; button_color_type=&#8220;uncode-palette&#8220;]Kontakt[\/vc_button][\/vc_column_inner][\/vc_row_inner][\/uncode_slider][\/vc_column][\/vc_row][vc_row unlock_row_content=&#8220;yes&#8220; row_height_percent=&#8220;0&#8243; override_padding=&#8220;yes&#8220; h_padding=&#8220;0&#8243; top_padding=&#8220;0&#8243; bottom_padding=&#8220;0&#8243; back_color=&#8220;color-wayh&#8220; overlay_alpha=&#8220;50&#8243; equal_height=&#8220;yes&#8220; gutter_size=&#8220;0&#8243; column_width_percent=&#8220;100&#8243; shift_y=&#8220;0&#8243; z_index=&#8220;0&#8243;][vc_column column_width_percent=&#8220;100&#8243; gutter_size=&#8220;3&#8243; back_image=&#8220;103272&#8243; overlay_alpha=&#8220;50&#8243; shift_x=&#8220;0&#8243; shift_y=&#8220;0&#8243; shift_y_down=&#8220;0&#8243; z_index=&#8220;0&#8243; medium_width=&#8220;0&#8243; mobile_width=&#8220;0&#8243; width=&#8220;1\/2&#8243; mobile_height=&#8220;340&#8243; uncode_shortcode_id=&#8220;436650&#8243;][\/vc_column][vc_column column_width_use_pixel=&#8220;yes&#8220; gutter_size=&#8220;3&#8243; override_padding=&#8220;yes&#8220; column_padding=&#8220;5&#8243; style=&#8220;dark&#8220; overlay_alpha=&#8220;50&#8243; shift_x=&#8220;0&#8243; shift_y=&#8220;0&#8243; shift_y_down=&#8220;0&#8243; z_index=&#8220;0&#8243; medium_width=&#8220;0&#8243; mobile_width=&#8220;0&#8243; width=&#8220;1\/2&#8243; column_width_pixel=&#8220;528&#8243;][vc_custom_heading text_color=&#8220;color-xsdn&#8220; heading_semantic=&#8220;h6&#8243; text_size=&#8220;h6&#8243; text_transform=&#8220;uppercase&#8220; uncode_shortcode_id=&#8220;946256&#8243; text_color_type=&#8220;uncode-palette&#8220;]About[\/vc_custom_heading][vc_custom_heading uncode_shortcode_id=&#8220;661161&#8243;]Mehr als 30 Jahre Erfahrung[\/vc_custom_heading][vc_column_text text_lead=&#8220;yes&#8220; uncode_shortcode_id=&#8220;599411&#8243;]Wir, die Asien Exports Development Ltd. Gruppe, exportieren seit \u00fcber 30 Jahren erfolgreich, hochwertige Waren aus Asien nach Europa.[\/vc_column_text][vc_empty_space empty_h=&#8220;1&#8243;][vc_row_inner limit_content=&#8220;&#8220;][vc_column_inner column_width_percent=&#8220;100&#8243; gutter_size=&#8220;3&#8243; style=&#8220;dark&#8220; overlay_alpha=&#8220;50&#8243; shift_x=&#8220;0&#8243; shift_y=&#8220;0&#8243; shift_y_down=&#8220;0&#8243; z_index=&#8220;0&#8243; medium_width=&#8220;4&#8243; mobile_width=&#8220;0&#8243; width=&#8220;1\/2&#8243;][vc_custom_heading heading_semantic=&#8220;h3&#8243; text_size=&#8220;h6&#8243; subheading=&#8220;Der Handel mit Ihnen erfolgt ausschlie\u00dflich \u00fcber unser Unternehmen Hong Kong Exim Co. Ltd.. Unser Merchandising-Team und unsere Facheink\u00e4ufer betreiben regelm\u00e4\u00dfig Marktrecherchen. Somit erzielen wir immer den g\u00fcnstigsten Preis.&#8220; uncode_shortcode_id=&#8220;112037&#8243;]Hongkong Exim Co. Ltd.[\/vc_custom_heading][\/vc_column_inner][vc_column_inner column_width_percent=&#8220;100&#8243; gutter_size=&#8220;3&#8243; style=&#8220;dark&#8220; overlay_alpha=&#8220;50&#8243; shift_x=&#8220;0&#8243; shift_y=&#8220;0&#8243; shift_y_down=&#8220;0&#8243; z_index=&#8220;0&#8243; medium_width=&#8220;4&#8243; mobile_width=&#8220;0&#8243; width=&#8220;1\/2&#8243;][vc_custom_heading heading_semantic=&#8220;h3&#8243; text_size=&#8220;h6&#8243; subheading=&#8220;Unsere Mitarbeiter kontrollieren vor Ort kontinuierlich die Qualit\u00e4t und die Herstellungsprozesse entsprechend unseren Anforderungen. S\u00e4mtliche Formalit\u00e4ten f\u00fcr Zoll, Steuern und Versicherungen, werden f\u00fcr Sie \u00fcbernommen.&#8220; uncode_shortcode_id=&#8220;200241&#8243;]Qualit\u00e4tssicherung[\/vc_custom_heading][\/vc_column_inner][\/vc_row_inner][vc_separator sep_color=&#8220;&#8220; uncode_shortcode_id=&#8220;131477&#8243;][vc_row_inner limit_content=&#8220;&#8220;][vc_column_inner column_width_percent=&#8220;100&#8243; gutter_size=&#8220;3&#8243; style=&#8220;dark&#8220; overlay_alpha=&#8220;50&#8243; shift_x=&#8220;0&#8243; shift_y=&#8220;0&#8243; shift_y_down=&#8220;0&#8243; z_index=&#8220;0&#8243; medium_width=&#8220;4&#8243; mobile_width=&#8220;0&#8243; width=&#8220;1\/1&#8243;][vc_custom_heading heading_semantic=&#8220;h3&#8243; text_size=&#8220;h6&#8243; subheading=&#8220;Durch eine gesicherte Vorfinanzierung der Asien Exports Development Ltd. importieren Sie Ihre Waren EINFACH und RISIKOLOS. Sie zahlen erst wenn die m\u00e4ngelfreie Ware erfolgreich bei Ihnen eingetroffen ist.&#8220; uncode_shortcode_id=&#8220;129661&#8243;]Garantierte Qualit\u00e4t[\/vc_custom_heading][\/vc_column_inner][\/vc_row_inner][vc_row_inner limit_content=&#8220;&#8220;][vc_column_inner column_width_percent=&#8220;100&#8243; gutter_size=&#8220;3&#8243; style=&#8220;dark&#8220; overlay_alpha=&#8220;50&#8243; shift_x=&#8220;0&#8243; shift_y=&#8220;0&#8243; shift_y_down=&#8220;0&#8243; z_index=&#8220;0&#8243; medium_width=&#8220;4&#8243; mobile_width=&#8220;0&#8243; width=&#8220;1\/1&#8243;][vc_custom_heading heading_semantic=&#8220;h3&#8243; text_size=&#8220;h6&#8243; subheading=&#8220;Effiziente Logistikl\u00f6sungen aus Asien direkt zu Ihrem Lager<br \/>\nAsien Exports Development Ltd. optimiert Ihren Warenfluss aus Asien nach Europa mit ma\u00dfgeschneiderten Logistikl\u00f6sungen. \u00dcber 30 Jahre Erfahrung garantieren Ihnen einen reibungslosen und kosteneffizienten Transport Ihrer Importg\u00fcter. Unsere spezialisierten Teams \u00fcberwachen jeden Schritt von der Produktion bis zur Lieferung, um h\u00f6chste Qualit\u00e4tsstandards sicherzustellen.<\/p>\n<p>Umfassende Logistikdienstleistungen<br \/>\nUnsere Dienstleistungen umfassen:<br \/>\n&#8211; Detaillierte Planung der optimalen Transportwege<br \/>\n&#8211; Strenge Qualit\u00e4tskontrolle vor Ort<br \/>\n&#8211; \u00dcbernahme aller Zoll- und Steuerformalit\u00e4ten<br \/>\n&#8211; Sicherstellung einer l\u00fcckenlosen Lieferkette<\/p>\n<p>Individuelle Betreuung und Beratung<br \/>\nUnser &#8218;One Face to the Customer&#8216;-Ansatz stellt sicher, dass Sie stets einen pers\u00f6nlichen Ansprechpartner haben, der Ihnen w\u00e4hrend des gesamten Importprozesses zur Seite steht. Vertrauen Sie auf unsere Expertise, um Ihre Logistikbed\u00fcrfnisse effizient zu erf\u00fcllen.<\/p>\n<p>Kontaktieren Sie uns jetzt f\u00fcr eine Beratung und erfahren Sie mehr \u00fcber unsere Logistikservices, die Ihre Importe sicher und zeitgerecht an ihr Ziel bringen.&#8220; uncode_shortcode_id=&#8220;121881&#8243; text_color_type=&#8220;uncode-palette&#8220; text_color_solid=&#8220;#ff0000&#8243;]Logistik[\/vc_custom_heading][\/vc_column_inner][\/vc_row_inner][\/vc_column][\/vc_row][vc_row row_height_percent=&#8220;0&#8243; override_padding=&#8220;yes&#8220; h_padding=&#8220;2&#8243; top_padding=&#8220;5&#8243; bottom_padding=&#8220;3&#8243; overlay_alpha=&#8220;100&#8243; gutter_size=&#8220;3&#8243; column_width_percent=&#8220;100&#8243; shift_y=&#8220;0&#8243; z_index=&#8220;0&#8243; row_height_use_pixel=&#8220;&#8220;][vc_column column_width_use_pixel=&#8220;yes&#8220; gutter_size=&#8220;3&#8243; overlay_alpha=&#8220;50&#8243; shift_x=&#8220;0&#8243; shift_y=&#8220;0&#8243; medium_width=&#8220;0&#8243; zoom_width=&#8220;0&#8243; zoom_height=&#8220;0&#8243; column_width_pixel=&#8220;800&#8243;][vc_custom_heading heading_semantic=&#8220;h3&#8243; text_size=&#8220;h3&#8243; uncode_shortcode_id=&#8220;145357&#8243;]<\/p>\n<h3 style=\"text-align: center;\">Asian Exports Development Ltd.<br \/>\nist ein Unternehmen mit europ\u00e4ischem Management in Asien.<\/h3>\n<p>[\/vc_custom_heading][\/vc_column][\/vc_row][vc_row row_height_percent=&#8220;0&#8243; override_padding=&#8220;yes&#8220; h_padding=&#8220;2&#8243; top_padding=&#8220;0&#8243; bottom_padding=&#8220;0&#8243; overlay_alpha=&#8220;100&#8243; gutter_size=&#8220;3&#8243; column_width_percent=&#8220;100&#8243; shift_y=&#8220;0&#8243; z_index=&#8220;0&#8243; row_height_use_pixel=&#8220;&#8220;][vc_column column_width_percent=&#8220;100&#8243; gutter_size=&#8220;3&#8243; overlay_alpha=&#8220;50&#8243; shift_x=&#8220;0&#8243; shift_y=&#8220;0&#8243; medium_width=&#8220;0&#8243; zoom_width=&#8220;0&#8243; zoom_height=&#8220;0&#8243; width=&#8220;1\/4&#8243;][vc_column_text uncode_shortcode_id=&#8220;960549&#8243;]Unter dem Dach der A.E.D. Gruppe wickeln Sie Ihre Gesch\u00e4fte mit der Hong Kong Exim Ltd. ab. Getreu dem Motto \u201eone face to the customer\u201c haben Sie nur einen pers\u00f6nlichen Ansprechpartner in Europa.[\/vc_column_text][\/vc_column][vc_column column_width_use_pixel=&#8220;yes&#8220; gutter_size=&#8220;3&#8243; overlay_alpha=&#8220;50&#8243; shift_x=&#8220;0&#8243; shift_y=&#8220;0&#8243; medium_width=&#8220;0&#8243; zoom_width=&#8220;0&#8243; zoom_height=&#8220;0&#8243; width=&#8220;3\/4&#8243;][vc_single_image media=&#8220;103657&#8243; media_width_percent=&#8220;100&#8243; media_title_uppercase=&#8220;&#8220; uncode_shortcode_id=&#8220;178666&#8243;][\/vc_column][\/vc_row][vc_row row_height_percent=&#8220;0&#8243; override_padding=&#8220;yes&#8220; h_padding=&#8220;2&#8243; top_padding=&#8220;3&#8243; bottom_padding=&#8220;5&#8243; overlay_alpha=&#8220;100&#8243; gutter_size=&#8220;3&#8243; column_width_percent=&#8220;100&#8243; shift_y=&#8220;0&#8243; z_index=&#8220;0&#8243; row_height_use_pixel=&#8220;&#8220;][vc_column column_width_use_pixel=&#8220;yes&#8220; gutter_size=&#8220;3&#8243; overlay_alpha=&#8220;50&#8243; shift_x=&#8220;0&#8243; shift_y=&#8220;0&#8243; medium_width=&#8220;0&#8243; zoom_width=&#8220;0&#8243; zoom_height=&#8220;0&#8243; column_width_pixel=&#8220;800&#8243;][vc_column_text uncode_shortcode_id=&#8220;111340&#8243;]Ihren kompletten Warenimport wickeln Sie mit unserer Firma Hong Kong Exim LTD ab. Ihr Ansprechpartner steht Ihnen im Laufe der gesamten Projektabwicklung in Europa zur Verf\u00fcgung.<br \/>\nZur Sicherstellung Ihres Erfolges f\u00fchren wir bei unseren Produktionspartnern kontinuierliche Lieferanten- und Qualit\u00e4tskontrollen entsprechend europ\u00e4ischer Standards durch.<br \/>\nUnsere umfassenden Kenntnisse \u00fcber den asiatischen Markt und den europ\u00e4ischen Anforderungen sichert Ihnen das optimale Ergebnis Ihrer Auftr\u00e4ge bei g\u00fcnstigstem Preis.<br \/>\nSie zahlen erst nachdem Sie die m\u00e4ngelfreie Ware erhalten haben. Nutzen Sie unsere \u00fcber 30 j\u00e4hrige Erfahrung und gehen Sie kein Risiko ein.[\/vc_column_text][\/vc_column][\/vc_row][vc_row row_height_percent=&#8220;0&#8243; override_padding=&#8220;yes&#8220; h_padding=&#8220;2&#8243; top_padding=&#8220;3&#8243; bottom_padding=&#8220;3&#8243; overlay_alpha=&#8220;0&#8243; equal_height=&#8220;yes&#8220; gutter_size=&#8220;3&#8243; column_width_percent=&#8220;100&#8243; border_color=&#8220;color-gyho&#8220; border_style=&#8220;solid&#8220; shift_y=&#8220;0&#8243; z_index=&#8220;0&#8243; bottom_divider=&#8220;gradient&#8220; el_class=&#8220;row-letaral section-lateral row-horizontal-display overflow-hidden shape-bg additions&#8220; uncode_shortcode_id=&#8220;105384&#8243; border_color_type=&#8220;uncode-palette&#8220; css=&#8220;.vc_custom_1657535376453{border-top-width: 1px !important;}&#8220;][vc_column column_width_use_pixel=&#8220;yes&#8220; position_vertical=&#8220;middle&#8220; align_horizontal=&#8220;align_center&#8220; gutter_size=&#8220;3&#8243; overlay_alpha=&#8220;50&#8243; shift_x=&#8220;0&#8243; shift_y=&#8220;0&#8243; shift_y_down=&#8220;0&#8243; z_index=&#8220;0&#8243; medium_width=&#8220;0&#8243; mobile_width=&#8220;0&#8243; width=&#8220;1\/1&#8243;][vc_row_inner row_inner_height_percent=&#8220;0&#8243; overlay_alpha=&#8220;50&#8243; gutter_size=&#8220;3&#8243; shift_y=&#8220;0&#8243; z_index=&#8220;0&#8243;][vc_column_inner column_width_use_pixel=&#8220;yes&#8220; align_horizontal=&#8220;align_center&#8220; gutter_size=&#8220;2&#8243; overlay_alpha=&#8220;50&#8243; shift_x=&#8220;0&#8243; shift_y=&#8220;0&#8243; shift_y_down=&#8220;0&#8243; z_index=&#8220;0&#8243; medium_width=&#8220;0&#8243; mobile_width=&#8220;0&#8243; width=&#8220;1\/1&#8243; column_width_pixel=&#8220;800&#8243;][vc_custom_heading heading_semantic=&#8220;h3&#8243; text_size=&#8220;h4&#8243; uncode_shortcode_id=&#8220;196468&#8243;]Wir Importieren unter anderem[\/vc_custom_heading][vc_column_text text_lead=&#8220;yes&#8220; uncode_shortcode_id=&#8220;292574&#8243;]folgende Waren f\u00fcr <strong>namhafte<\/strong> Hersteller:[\/vc_column_text][\/vc_column_inner][\/vc_row_inner][vc_empty_space empty_h=&#8220;2&#8243;][vc_row_inner row_inner_height_percent=&#8220;0&#8243; overlay_alpha=&#8220;100&#8243; gutter_size=&#8220;4&#8243; shift_y=&#8220;0&#8243; z_index=&#8220;0&#8243;][vc_column_inner column_width_percent=&#8220;100&#8243; gutter_size=&#8220;3&#8243; overlay_alpha=&#8220;100&#8243; shift_x=&#8220;0&#8243; shift_y=&#8220;0&#8243; z_index=&#8220;0&#8243; medium_width=&#8220;2&#8243; align_mobile=&#8220;align_center_mobile&#8220; mobile_width=&#8220;0&#8243; zoom_width=&#8220;0&#8243; zoom_height=&#8220;0&#8243; width=&#8220;1\/4&#8243;][vc_custom_heading heading_semantic=&#8220;h3&#8243; text_size=&#8220;h6&#8243; sub_reduced=&#8220;yes&#8220; uncode_shortcode_id=&#8220;107598&#8243;]M\u00f6bel[\/vc_custom_heading][\/vc_column_inner][vc_column_inner column_width_percent=&#8220;100&#8243; gutter_size=&#8220;3&#8243; overlay_alpha=&#8220;100&#8243; shift_x=&#8220;0&#8243; shift_y=&#8220;0&#8243; z_index=&#8220;0&#8243; medium_width=&#8220;2&#8243; align_mobile=&#8220;align_center_mobile&#8220; mobile_width=&#8220;0&#8243; zoom_width=&#8220;0&#8243; zoom_height=&#8220;0&#8243; width=&#8220;1\/4&#8243;][vc_custom_heading heading_semantic=&#8220;h3&#8243; text_size=&#8220;h6&#8243; sub_reduced=&#8220;yes&#8220; uncode_shortcode_id=&#8220;413542&#8243;]M\u00f6bel Zubeh\u00f6r[\/vc_custom_heading][\/vc_column_inner][vc_column_inner column_width_percent=&#8220;100&#8243; gutter_size=&#8220;3&#8243; overlay_alpha=&#8220;100&#8243; shift_x=&#8220;0&#8243; shift_y=&#8220;0&#8243; z_index=&#8220;0&#8243; medium_width=&#8220;2&#8243; align_mobile=&#8220;align_center_mobile&#8220; mobile_width=&#8220;0&#8243; zoom_width=&#8220;0&#8243; zoom_height=&#8220;0&#8243; width=&#8220;1\/4&#8243;][vc_custom_heading heading_semantic=&#8220;h3&#8243; text_size=&#8220;h6&#8243; sub_reduced=&#8220;yes&#8220; uncode_shortcode_id=&#8220;384616&#8243;]Lampen &amp; Leuchten[\/vc_custom_heading][\/vc_column_inner][vc_column_inner column_width_percent=&#8220;100&#8243; gutter_size=&#8220;3&#8243; overlay_alpha=&#8220;50&#8243; shift_x=&#8220;0&#8243; shift_y=&#8220;0&#8243; z_index=&#8220;0&#8243; medium_width=&#8220;2&#8243; align_mobile=&#8220;align_center_mobile&#8220; mobile_width=&#8220;0&#8243; width=&#8220;1\/4&#8243;][vc_custom_heading heading_semantic=&#8220;h3&#8243; text_size=&#8220;h6&#8243; sub_reduced=&#8220;yes&#8220; uncode_shortcode_id=&#8220;411214&#8243;]K\u00fcchenm\u00f6bel Zubeh\u00f6r[\/vc_custom_heading][\/vc_column_inner][\/vc_row_inner][vc_row_inner row_inner_height_percent=&#8220;0&#8243; overlay_alpha=&#8220;100&#8243; gutter_size=&#8220;4&#8243; shift_y=&#8220;0&#8243; z_index=&#8220;0&#8243;][vc_column_inner column_width_percent=&#8220;100&#8243; gutter_size=&#8220;3&#8243; overlay_alpha=&#8220;100&#8243; shift_x=&#8220;0&#8243; shift_y=&#8220;0&#8243; z_index=&#8220;0&#8243; medium_width=&#8220;2&#8243; align_mobile=&#8220;align_center_mobile&#8220; mobile_width=&#8220;0&#8243; zoom_width=&#8220;0&#8243; zoom_height=&#8220;0&#8243; width=&#8220;1\/4&#8243;][vc_custom_heading heading_semantic=&#8220;h3&#8243; text_size=&#8220;h6&#8243; sub_reduced=&#8220;yes&#8220; uncode_shortcode_id=&#8220;137514&#8243;]Photovoltaik[\/vc_custom_heading][\/vc_column_inner][vc_column_inner column_width_percent=&#8220;100&#8243; gutter_size=&#8220;3&#8243; overlay_alpha=&#8220;100&#8243; shift_x=&#8220;0&#8243; shift_y=&#8220;0&#8243; z_index=&#8220;0&#8243; medium_width=&#8220;2&#8243; align_mobile=&#8220;align_center_mobile&#8220; mobile_width=&#8220;0&#8243; zoom_width=&#8220;0&#8243; zoom_height=&#8220;0&#8243; width=&#8220;1\/4&#8243;][vc_custom_heading heading_semantic=&#8220;h3&#8243; text_size=&#8220;h6&#8243; sub_reduced=&#8220;yes&#8220; uncode_shortcode_id=&#8220;135314&#8243;]Badezimmerm\u00f6bel[\/vc_custom_heading][\/vc_column_inner][vc_column_inner column_width_percent=&#8220;100&#8243; gutter_size=&#8220;3&#8243; overlay_alpha=&#8220;100&#8243; shift_x=&#8220;0&#8243; shift_y=&#8220;0&#8243; z_index=&#8220;0&#8243; medium_width=&#8220;2&#8243; align_mobile=&#8220;align_center_mobile&#8220; mobile_width=&#8220;0&#8243; zoom_width=&#8220;0&#8243; zoom_height=&#8220;0&#8243; width=&#8220;1\/4&#8243;][vc_custom_heading heading_semantic=&#8220;h3&#8243; text_size=&#8220;h6&#8243; sub_reduced=&#8220;yes&#8220; uncode_shortcode_id=&#8220;151212&#8243;]Bodenbelege[\/vc_custom_heading][\/vc_column_inner][vc_column_inner column_width_percent=&#8220;100&#8243; gutter_size=&#8220;3&#8243; overlay_alpha=&#8220;50&#8243; shift_x=&#8220;0&#8243; shift_y=&#8220;0&#8243; z_index=&#8220;0&#8243; medium_width=&#8220;2&#8243; align_mobile=&#8220;align_center_mobile&#8220; mobile_width=&#8220;0&#8243; width=&#8220;1\/4&#8243;][vc_custom_heading heading_semantic=&#8220;h3&#8243; text_size=&#8220;h6&#8243; sub_reduced=&#8220;yes&#8220; uncode_shortcode_id=&#8220;111817&#8243;]E-Scooter aller Art[\/vc_custom_heading][\/vc_column_inner][\/vc_row_inner][\/vc_column][\/vc_row][vc_row row_height_percent=&#8220;0&#8243; override_padding=&#8220;yes&#8220; h_padding=&#8220;2&#8243; top_padding=&#8220;3&#8243; bottom_padding=&#8220;3&#8243; back_color=&#8220;color-xsdn&#8220; overlay_alpha=&#8220;100&#8243; gutter_size=&#8220;3&#8243; column_width_percent=&#8220;100&#8243; border_color=&#8220;color-gyho&#8220; border_style=&#8220;solid&#8220; shift_y=&#8220;0&#8243; z_index=&#8220;0&#8243; bottom_divider=&#8220;flow&#8220; uncode_shortcode_id=&#8220;102142&#8243; back_color_type=&#8220;uncode-palette&#8220; border_color_type=&#8220;uncode-palette&#8220; css=&#8220;.vc_custom_1621016560685{border-top-width: 1px !important;}&#8220;][vc_column column_width_percent=&#8220;100&#8243; align_horizontal=&#8220;align_center&#8220; gutter_size=&#8220;4&#8243; overlay_alpha=&#8220;100&#8243; shift_x=&#8220;0&#8243; shift_y=&#8220;0&#8243; shift_y_down=&#8220;0&#8243; z_index=&#8220;0&#8243; medium_width=&#8220;0&#8243; mobile_width=&#8220;0&#8243; zoom_width=&#8220;0&#8243; zoom_height=&#8220;0&#8243; width=&#8220;1\/1&#8243;][vc_custom_heading uncode_shortcode_id=&#8220;108729&#8243;]Mit einer l\u00fcckenlosen Abwicklung sichern wir Ihnen einen optimalen Transportweg f\u00fcr Ihre Importe aus Asien, bis zu Ihrem Lager. Langj\u00e4hrige Partnerschaften mit unseren Kunden sprechen f\u00fcr sich.[\/vc_custom_heading][\/vc_column][\/vc_row][vc_row row_height_percent=&#8220;0&#8243; overlay_alpha=&#8220;50&#8243; gutter_size=&#8220;3&#8243; column_width_percent=&#8220;100&#8243; shift_y=&#8220;0&#8243; z_index=&#8220;0&#8243; desktop_visibility=&#8220;yes&#8220; medium_visibility=&#8220;yes&#8220; mobile_visibility=&#8220;yes&#8220; uncode_shortcode_id=&#8220;828057&#8243;][vc_column width=&#8220;1\/1&#8243;][vc_raw_html]JTNDc2NyaXB0JTIwaWQlM0QlMjJDb29raWVEZWNsYXJhdGlvbiUyMiUyMHNyYyUzRCUyMmh0dHBzJTNBJTJGJTJGY29uc2VudC5jb29raWVib3QuY29tJTJGYzMwMTAzODAtNDJiYy00ODc2LThmNDAtNWE4Njg0N2Q1ZTIzJTJGY2QuanMlMjIlMjB0eXBlJTNEJTIydGV4dCUyRmphdmFzY3JpcHQlMjIlMjBhc3luYyUzRSUzQyUyRnNjcmlwdCUzRQ==[\/vc_raw_html][\/vc_column][\/vc_row]<\/p>\n<\/div>","protected":false},"excerpt":{"rendered":"<p>[vc_row row_height_percent=&#8220;100&#8243; override_padding=&#8220;yes&#8220; h_padding=&#8220;3&#8243; top_padding=&#8220;5&#8243; bottom_padding=&#8220;5&#8243; back_color=&#8220;color-nhtu&#8220; back_image=&#8220;103469&#8243; overlay_alpha=&#8220;76&#8243; gutter_size=&#8220;3&#8243; column_width_percent=&#8220;100&#8243; shift_y=&#8220;0&#8243; z_index=&#8220;0&#8243; enable_bottom_divider=&#8220;default&#8220; bottom_divider=&#8220;gradient&#8220; shape_bottom_h_use_pixel=&#8220;true&#8220; shape_bottom_height_percent=&#8220;100&#8243; shape_bottom_color=&#8220;color-nhtu&#8220; shape_bottom_opacity=&#8220;100&#8243; shape_bottom_index=&#8220;0&#8243; [&hellip;]<\/p>\n","protected":false},"author":1,"featured_media":100681,"parent":0,"menu_order":0,"comment_status":"closed","ping_status":"closed","template":"","meta":{"footnotes":""},"class_list":["post-94321","page","type-page","status-publish","has-post-thumbnail","hentry","page_category-creative"],"_links":{"self":[{"href":"https:\/\/aed-hk.com\/index.php?rest_route=\/wp\/v2\/pages\/94321","targetHints":{"allow":["GET"]}}],"collection":[{"href":"https:\/\/aed-hk.com\/index.php?rest_route=\/wp\/v2\/pages"}],"about":[{"href":"https:\/\/aed-hk.com\/index.php?rest_route=\/wp\/v2\/types\/page"}],"author":[{"embeddable":true,"href":"https:\/\/aed-hk.com\/index.php?rest_route=\/wp\/v2\/users\/1"}],"replies":[{"embeddable":true,"href":"https:\/\/aed-hk.com\/index.php?rest_route=%2Fwp%2Fv2%2Fcomments&post=94321"}],"version-history":[{"count":177,"href":"https:\/\/aed-hk.com\/index.php?rest_route=\/wp\/v2\/pages\/94321\/revisions"}],"predecessor-version":[{"id":103837,"href":"https:\/\/aed-hk.com\/index.php?rest_route=\/wp\/v2\/pages\/94321\/revisions\/103837"}],"wp:featuredmedia":[{"embeddable":true,"href":"https:\/\/aed-hk.com\/index.php?rest_route=\/wp\/v2\/media\/100681"}],"wp:attachment":[{"href":"https:\/\/aed-hk.com\/index.php?rest_route=%2Fwp%2Fv2%2Fmedia&parent=94321"}],"curies":[{"name":"wp","href":"https:\/\/api.w.org\/{rel}","templated":true}]}}